{"id":735,"date":"2023-11-20T04:23:54","date_gmt":"2023-11-20T07:23:54","guid":{"rendered":"https:\/\/recreio-lab.local\/?page_id=735"},"modified":"2025-11-19T17:13:13","modified_gmt":"2025-11-19T20:13:13","slug":"matriculas-2024","status":"publish","type":"page","link":"https:\/\/recreiolab.websiteintest.com.br\/?page_id=735","title":{"rendered":"Matr\u00edculas 2026"},"content":{"rendered":"\t\t<div data-elementor-type=\"wp-page\" data-elementor-id=\"735\" class=\"elementor elementor-735\" data-elementor-post-type=\"page\">\n\t\t\t\t\t\t\t<div class=\"elementor-element elementor-element-3ecb89c e-grid e-con-boxed e-con e-parent\" data-id=\"3ecb89c\" data-element_type=\"container\" data-settings=\"{&quot;container_type&quot;:&quot;grid&quot;,&quot;grid_columns_grid&quot;:{&quot;unit&quot;:&quot;custom&quot;,&quot;size&quot;:&quot;0.49fr&quot;,&quot;sizes&quot;:[]},&quot;grid_columns_grid_tablet&quot;:{&quot;unit&quot;:&quot;custom&quot;,&quot;size&quot;:&quot;&quot;,&quot;sizes&quot;:[]},&quot;grid_columns_grid_mobile&quot;:{&quot;unit&quot;:&quot;custom&quot;,&quot;size&quot;:1,&quot;sizes&quot;:[]},&quot;grid_rows_grid&quot;:{&quot;unit&quot;:&quot;fr&quot;,&quot;size&quot;:1,&quot;sizes&quot;:[]},&quot;jet_parallax_layout_list&quot;:[],&quot;content_width&quot;:&quot;boxed&quot;,&quot;grid_outline&quot;:&quot;yes&quot;,&quot;grid_rows_grid_tablet&quot;:{&quot;unit&quot;:&quot;fr&quot;,&quot;size&quot;:&quot;&quot;,&quot;sizes&quot;:[]},&quot;grid_rows_grid_mobile&quot;:{&quot;unit&quot;:&quot;fr&quot;,&quot;size&quot;:&quot;&quot;,&quot;sizes&quot;:[]},&quot;grid_auto_flow&quot;:&quot;row&quot;,&quot;grid_auto_flow_tablet&quot;:&quot;row&quot;,&quot;grid_auto_flow_mobile&quot;:&quot;row&quot;}\" data-core-v316-plus=\"true\">\n\t\t\t\t\t<div class=\"e-con-inner\">\n\t\t\t\t<div class=\"elementor-element elementor-element-866ffb8 elementor-widget elementor-widget-heading\" data-id=\"866ffb8\" data-element_type=\"widget\" data-widget_type=\"heading.default\">\n\t\t\t\t<div class=\"elementor-widget-container\">\n\t\t\t<style>\/*! elementor - v3.17.0 - 08-11-2023 *\/\n.elementor-heading-title{padding:0;margin:0;line-height:1}.elementor-widget-heading .elementor-heading-title[class*=elementor-size-]>a{color:inherit;font-size:inherit;line-height:inherit}.elementor-widget-heading .elementor-heading-title.elementor-size-small{font-size:15px}.elementor-widget-heading .elementor-heading-title.elementor-size-medium{font-size:19px}.elementor-widget-heading .elementor-heading-title.elementor-size-large{font-size:29px}.elementor-widget-heading .elementor-heading-title.elementor-size-xl{font-size:39px}.elementor-widget-heading .elementor-heading-title.elementor-size-xxl{font-size:59px}<\/style><h1 class=\"elementor-heading-title elementor-size-default\">Matr\u00edculas 2026<\/h1>\t\t<\/div>\n\t\t\t\t<\/div>\n\t\t\t\t<div class=\"elementor-element elementor-element-22d8c5b elementor-widget elementor-widget-heading\" data-id=\"22d8c5b\" data-element_type=\"widget\" data-widget_type=\"heading.default\">\n\t\t\t\t<div class=\"elementor-widget-container\">\n\t\t\t<h2 class=\"elementor-heading-title elementor-size-default\">Inscri\u00e7\u00f5es abertas para o pr\u00f3ximo ano letivo.<\/h2>\t\t<\/div>\n\t\t\t\t<\/div>\n\t\t\t\t<div class=\"elementor-element elementor-element-5050228 elementor-widget elementor-widget-heading\" data-id=\"5050228\" data-element_type=\"widget\" data-widget_type=\"heading.default\">\n\t\t\t\t<div class=\"elementor-widget-container\">\n\t\t\t<h2 class=\"elementor-heading-title elementor-size-default\">Para mais informa\u00e7\u00f5es e reserva de vagas entre em contato pelo telefone ou e-mail.<\/h2>\t\t<\/div>\n\t\t\t\t<\/div>\n\t\t\t\t<div class=\"elementor-element elementor-element-c377393 elementor-widget elementor-widget-heading\" data-id=\"c377393\" data-element_type=\"widget\" data-widget_type=\"heading.default\">\n\t\t\t\t<div class=\"elementor-widget-container\">\n\t\t\t<h2 class=\"elementor-heading-title elementor-size-default\"><a href=\"https:\/\/wa.me\/5554549965335?text=Ol%C3%A1%21+Gostaria+de+mais+informa%C3%A7%C3%B5es+sobre+o+Recreio+LAB\"><a href=\"tel:+555499653-3574\">(54) 9 9653-3574<\/a> - recreiolab@recreiodajuventude.com.br<\/a><\/h2>\t\t<\/div>\n\t\t\t\t<\/div>\n\t\t\t\t<div class=\"elementor-element elementor-element-8351818 elementor-widget elementor-widget-button\" data-id=\"8351818\" data-element_type=\"widget\" data-widget_type=\"button.default\">\n\t\t\t\t<div class=\"elementor-widget-container\">\n\t\t\t\t\t<div class=\"elementor-button-wrapper\">\n\t\t\t<a class=\"elementor-button elementor-button-link elementor-size-sm\" href=\"#!\">\n\t\t\t\t\t\t<span class=\"elementor-button-content-wrapper\">\n\t\t\t\t\t\t<span class=\"elementor-button-text\">Planos de Jornadas<\/span>\n\t\t<\/span>\n\t\t\t\t\t<\/a>\n\t\t<\/div>\n\t\t\t\t<\/div>\n\t\t\t\t<\/div>\n\t\t\t\t\t<\/div>\n\t\t\t\t<\/div>\n\t\t<div class=\"elementor-element elementor-element-2f58e18 e-flex e-con-boxed e-con e-parent\" data-id=\"2f58e18\" data-element_type=\"container\" data-settings=\"{&quot;background_background&quot;:&quot;classic&quot;,&quot;shape_divider_top&quot;:&quot;curve-asymmetrical&quot;,&quot;jet_parallax_layout_list&quot;:[],&quot;container_type&quot;:&quot;flex&quot;,&quot;content_width&quot;:&quot;boxed&quot;}\" data-core-v316-plus=\"true\">\n\t\t\t\t\t<div class=\"e-con-inner\">\n\t\t\t\t<div class=\"elementor-shape elementor-shape-top\" data-negative=\"false\">\n\t\t\t<svg xmlns=\"http:\/\/www.w3.org\/2000\/svg\" viewBox=\"0 0 1000 100\" preserveAspectRatio=\"none\">\n\t<path class=\"elementor-shape-fill\" d=\"M0,0c0,0,0,6,0,6.7c0,18,240.2,93.6,615.2,92.6C989.8,98.5,1000,25,1000,6.7c0-0.7,0-6.7,0-6.7H0z\"\/>\n<\/svg>\t\t<\/div>\n\t\t\t\t<div class=\"elementor-element elementor-element-c7c9dfb elementor-absolute elementor-widget elementor-widget-image\" data-id=\"c7c9dfb\" data-element_type=\"widget\" data-settings=\"{&quot;_position&quot;:&quot;absolute&quot;}\" data-widget_type=\"image.default\">\n\t\t\t\t<div class=\"elementor-widget-container\">\n\t\t\t<style>\/*! elementor - v3.17.0 - 08-11-2023 *\/\n.elementor-widget-image{text-align:center}.elementor-widget-image a{display:inline-block}.elementor-widget-image a img[src$=\".svg\"]{width:48px}.elementor-widget-image img{vertical-align:middle;display:inline-block}<\/style>\t\t\t\t\t\t\t\t\t\t\t\t<img fetchpriority=\"high\" decoding=\"async\" width=\"306\" height=\"306\" src=\"https:\/\/recreiolab.websiteintest.com.br\/wp-content\/uploads\/2023\/11\/matricula-form-1.svg\" class=\"attachment-large size-large wp-image-755\" alt=\"\" \/>\t\t\t\t\t\t\t\t\t\t\t\t\t\t\t<\/div>\n\t\t\t\t<\/div>\n\t\t\t\t<div class=\"elementor-element elementor-element-3f86d2a elementor-absolute elementor-widget elementor-widget-image\" data-id=\"3f86d2a\" data-element_type=\"widget\" data-settings=\"{&quot;_position&quot;:&quot;absolute&quot;}\" data-widget_type=\"image.default\">\n\t\t\t\t<div class=\"elementor-widget-container\">\n\t\t\t\t\t\t\t\t\t\t\t\t\t\t\t<img decoding=\"async\" width=\"421\" height=\"335\" src=\"https:\/\/recreiolab.websiteintest.com.br\/wp-content\/uploads\/2023\/11\/matricula-form-2.svg\" class=\"attachment-large size-large wp-image-756\" alt=\"\" \/>\t\t\t\t\t\t\t\t\t\t\t\t\t\t\t<\/div>\n\t\t\t\t<\/div>\n\t\t\t\t\t<\/div>\n\t\t\t\t<\/div>\n\t\t<div class=\"elementor-element elementor-element-29b008f e-flex e-con-boxed e-con e-parent\" data-id=\"29b008f\" data-element_type=\"container\" data-settings=\"{&quot;jet_parallax_layout_list&quot;:[],&quot;container_type&quot;:&quot;flex&quot;,&quot;content_width&quot;:&quot;boxed&quot;}\" data-core-v316-plus=\"true\">\n\t\t\t\t\t<div class=\"e-con-inner\">\n\t\t\t\t<div class=\"elementor-element elementor-element-3d5c948 elementor-widget elementor-widget-heading\" data-id=\"3d5c948\" data-element_type=\"widget\" data-widget_type=\"heading.default\">\n\t\t\t\t<div class=\"elementor-widget-container\">\n\t\t\t<h4 class=\"elementor-heading-title elementor-size-default\"><a href=\"https:\/\/www.recreiodajuventude.com.br\/oficial\/2023\/userfiles\/ckeditor\/lab_mapa_curricular_1.pdf\">Clique aqui e acesse o mapa curricular de 2026<\/a><\/h4>\t\t<\/div>\n\t\t\t\t<\/div>\n\t\t\t\t\t<\/div>\n\t\t\t\t<\/div>\n\t\t\t\t\t\t\t<\/div>\n\t\t","protected":false},"excerpt":{"rendered":"<p>Matr\u00edculas 2026 Inscri\u00e7\u00f5es abertas para o pr\u00f3ximo ano letivo. Para mais informa\u00e7\u00f5es e reserva de vagas entre em contato pelo telefone ou e-mail. (54) 9 9653-3574 &#8211; recreiolab@recreiodajuventude.com.br Planos de Jornadas Clique aqui e acesse o mapa curricular de 2026<\/p>\n","protected":false},"author":1,"featured_media":0,"parent":0,"menu_order":0,"comment_status":"closed","ping_status":"closed","template":"elementor_header_footer","meta":{"footnotes":""},"class_list":["post-735","page","type-page","status-publish","hentry"],"yoast_head":"<!-- This site is optimized with the Yoast SEO plugin v21.5 - https:\/\/yoast.com\/wordpress\/plugins\/seo\/ -->\n<title>Recreio LAB - Matr\u00edculas 2026<\/title>\n<meta name=\"description\" content=\"Laborat\u00f3rios de aprendizagem para crian\u00e7as de 3 a 11 anos. Matr\u00edculas abertas a partir de 7 de dezembro pelo aplicativo.\" \/>\n<meta name=\"robots\" content=\"index, follow, max-snippet:-1, max-image-preview:large, max-video-preview:-1\" \/>\n<link rel=\"canonical\" href=\"https:\/\/recreiolab.websiteintest.com.br\/?page_id=735\" \/>\n<meta property=\"og:locale\" content=\"pt_BR\" \/>\n<meta property=\"og:type\" content=\"article\" \/>\n<meta property=\"og:title\" content=\"Recreio LAB - Matr\u00edculas 2026\" \/>\n<meta property=\"og:description\" content=\"Laborat\u00f3rios de aprendizagem para crian\u00e7as de 3 a 11 anos. Matr\u00edculas abertas a partir de 7 de dezembro pelo aplicativo.\" \/>\n<meta property=\"og:url\" content=\"https:\/\/recreiolab.websiteintest.com.br\/?page_id=735\" \/>\n<meta property=\"og:site_name\" content=\"Recreio LAB\" \/>\n<meta property=\"article:modified_time\" content=\"2025-11-19T20:13:13+00:00\" \/>\n<meta property=\"og:image\" content=\"https:\/\/recreiolab.websiteintest.com.br\/wp-content\/uploads\/2023\/11\/matricula-form-1.svg\" \/>\n<meta name=\"twitter:card\" content=\"summary_large_image\" \/>\n<meta name=\"twitter:label1\" content=\"Est. tempo de leitura\" \/>\n\t<meta name=\"twitter:data1\" content=\"1 minuto\" \/>\n<script type=\"application\/ld+json\" class=\"yoast-schema-graph\">{\"@context\":\"https:\/\/schema.org\",\"@graph\":[{\"@type\":\"WebPage\",\"@id\":\"https:\/\/recreiolab.websiteintest.com.br\/?page_id=735\",\"url\":\"https:\/\/recreiolab.websiteintest.com.br\/?page_id=735\",\"name\":\"Recreio LAB - Matr\u00edculas 2026\",\"isPartOf\":{\"@id\":\"https:\/\/recreiolab.websiteintest.com.br\/#website\"},\"datePublished\":\"2023-11-20T07:23:54+00:00\",\"dateModified\":\"2025-11-19T20:13:13+00:00\",\"description\":\"Laborat\u00f3rios de aprendizagem para crian\u00e7as de 3 a 11 anos. Matr\u00edculas abertas a partir de 7 de dezembro pelo aplicativo.\",\"breadcrumb\":{\"@id\":\"https:\/\/recreiolab.websiteintest.com.br\/?page_id=735#breadcrumb\"},\"inLanguage\":\"pt-BR\",\"potentialAction\":[{\"@type\":\"ReadAction\",\"target\":[\"https:\/\/recreiolab.websiteintest.com.br\/?page_id=735\"]}]},{\"@type\":\"BreadcrumbList\",\"@id\":\"https:\/\/recreiolab.websiteintest.com.br\/?page_id=735#breadcrumb\",\"itemListElement\":[{\"@type\":\"ListItem\",\"position\":1,\"name\":\"In\u00edcio\",\"item\":\"https:\/\/recreiolab.websiteintest.com.br\/\"},{\"@type\":\"ListItem\",\"position\":2,\"name\":\"Matr\u00edculas 2026\"}]},{\"@type\":\"WebSite\",\"@id\":\"https:\/\/recreiolab.websiteintest.com.br\/#website\",\"url\":\"https:\/\/recreiolab.websiteintest.com.br\/\",\"name\":\"Recreio LAB\",\"description\":\"\",\"publisher\":{\"@id\":\"https:\/\/recreiolab.websiteintest.com.br\/#organization\"},\"potentialAction\":[{\"@type\":\"SearchAction\",\"target\":{\"@type\":\"EntryPoint\",\"urlTemplate\":\"https:\/\/recreiolab.websiteintest.com.br\/?s={search_term_string}\"},\"query-input\":\"required name=search_term_string\"}],\"inLanguage\":\"pt-BR\"},{\"@type\":\"Organization\",\"@id\":\"https:\/\/recreiolab.websiteintest.com.br\/#organization\",\"name\":\"Recreio LAB\",\"url\":\"https:\/\/recreiolab.websiteintest.com.br\/\",\"logo\":{\"@type\":\"ImageObject\",\"inLanguage\":\"pt-BR\",\"@id\":\"https:\/\/recreiolab.websiteintest.com.br\/#\/schema\/logo\/image\/\",\"url\":\"https:\/\/recreiolab.websiteintest.com.br\/wp-content\/uploads\/2023\/11\/Logo-horizontal-com-slogan-1.png\",\"contentUrl\":\"https:\/\/recreiolab.websiteintest.com.br\/wp-content\/uploads\/2023\/11\/Logo-horizontal-com-slogan-1.png\",\"width\":1061,\"height\":184,\"caption\":\"Recreio LAB\"},\"image\":{\"@id\":\"https:\/\/recreiolab.websiteintest.com.br\/#\/schema\/logo\/image\/\"}}]}<\/script>\n<!-- \/ Yoast SEO plugin. -->","yoast_head_json":{"title":"Recreio LAB - Matr\u00edculas 2026","description":"Laborat\u00f3rios de aprendizagem para crian\u00e7as de 3 a 11 anos. Matr\u00edculas abertas a partir de 7 de dezembro pelo aplicativo.","robots":{"index":"index","follow":"follow","max-snippet":"max-snippet:-1","max-image-preview":"max-image-preview:large","max-video-preview":"max-video-preview:-1"},"canonical":"https:\/\/recreiolab.websiteintest.com.br\/?page_id=735","og_locale":"pt_BR","og_type":"article","og_title":"Recreio LAB - Matr\u00edculas 2026","og_description":"Laborat\u00f3rios de aprendizagem para crian\u00e7as de 3 a 11 anos. Matr\u00edculas abertas a partir de 7 de dezembro pelo aplicativo.","og_url":"https:\/\/recreiolab.websiteintest.com.br\/?page_id=735","og_site_name":"Recreio LAB","article_modified_time":"2025-11-19T20:13:13+00:00","og_image":[{"url":"https:\/\/recreiolab.websiteintest.com.br\/wp-content\/uploads\/2023\/11\/matricula-form-1.svg"}],"twitter_card":"summary_large_image","twitter_misc":{"Est. tempo de leitura":"1 minuto"},"schema":{"@context":"https:\/\/schema.org","@graph":[{"@type":"WebPage","@id":"https:\/\/recreiolab.websiteintest.com.br\/?page_id=735","url":"https:\/\/recreiolab.websiteintest.com.br\/?page_id=735","name":"Recreio LAB - Matr\u00edculas 2026","isPartOf":{"@id":"https:\/\/recreiolab.websiteintest.com.br\/#website"},"datePublished":"2023-11-20T07:23:54+00:00","dateModified":"2025-11-19T20:13:13+00:00","description":"Laborat\u00f3rios de aprendizagem para crian\u00e7as de 3 a 11 anos. Matr\u00edculas abertas a partir de 7 de dezembro pelo aplicativo.","breadcrumb":{"@id":"https:\/\/recreiolab.websiteintest.com.br\/?page_id=735#breadcrumb"},"inLanguage":"pt-BR","potentialAction":[{"@type":"ReadAction","target":["https:\/\/recreiolab.websiteintest.com.br\/?page_id=735"]}]},{"@type":"BreadcrumbList","@id":"https:\/\/recreiolab.websiteintest.com.br\/?page_id=735#breadcrumb","itemListElement":[{"@type":"ListItem","position":1,"name":"In\u00edcio","item":"https:\/\/recreiolab.websiteintest.com.br\/"},{"@type":"ListItem","position":2,"name":"Matr\u00edculas 2026"}]},{"@type":"WebSite","@id":"https:\/\/recreiolab.websiteintest.com.br\/#website","url":"https:\/\/recreiolab.websiteintest.com.br\/","name":"Recreio LAB","description":"","publisher":{"@id":"https:\/\/recreiolab.websiteintest.com.br\/#organization"},"potentialAction":[{"@type":"SearchAction","target":{"@type":"EntryPoint","urlTemplate":"https:\/\/recreiolab.websiteintest.com.br\/?s={search_term_string}"},"query-input":"required name=search_term_string"}],"inLanguage":"pt-BR"},{"@type":"Organization","@id":"https:\/\/recreiolab.websiteintest.com.br\/#organization","name":"Recreio LAB","url":"https:\/\/recreiolab.websiteintest.com.br\/","logo":{"@type":"ImageObject","inLanguage":"pt-BR","@id":"https:\/\/recreiolab.websiteintest.com.br\/#\/schema\/logo\/image\/","url":"https:\/\/recreiolab.websiteintest.com.br\/wp-content\/uploads\/2023\/11\/Logo-horizontal-com-slogan-1.png","contentUrl":"https:\/\/recreiolab.websiteintest.com.br\/wp-content\/uploads\/2023\/11\/Logo-horizontal-com-slogan-1.png","width":1061,"height":184,"caption":"Recreio LAB"},"image":{"@id":"https:\/\/recreiolab.websiteintest.com.br\/#\/schema\/logo\/image\/"}}]}},"_links":{"self":[{"href":"https:\/\/recreiolab.websiteintest.com.br\/index.php?rest_route=\/wp\/v2\/pages\/735","targetHints":{"allow":["GET"]}}],"collection":[{"href":"https:\/\/recreiolab.websiteintest.com.br\/index.php?rest_route=\/wp\/v2\/pages"}],"about":[{"href":"https:\/\/recreiolab.websiteintest.com.br\/index.php?rest_route=\/wp\/v2\/types\/page"}],"author":[{"embeddable":true,"href":"https:\/\/recreiolab.websiteintest.com.br\/index.php?rest_route=\/wp\/v2\/users\/1"}],"replies":[{"embeddable":true,"href":"https:\/\/recreiolab.websiteintest.com.br\/index.php?rest_route=%2Fwp%2Fv2%2Fcomments&post=735"}],"version-history":[{"count":186,"href":"https:\/\/recreiolab.websiteintest.com.br\/index.php?rest_route=\/wp\/v2\/pages\/735\/revisions"}],"predecessor-version":[{"id":2975,"href":"https:\/\/recreiolab.websiteintest.com.br\/index.php?rest_route=\/wp\/v2\/pages\/735\/revisions\/2975"}],"wp:attachment":[{"href":"https:\/\/recreiolab.websiteintest.com.br\/index.php?rest_route=%2Fwp%2Fv2%2Fmedia&parent=735"}],"curies":[{"name":"wp","href":"https:\/\/api.w.org\/{rel}","templated":true}]}}